{"id":1407,"date":"2024-07-12T20:28:00","date_gmt":"2024-07-12T18:28:00","guid":{"rendered":"https:\/\/suitelibre.fr\/?page_id=1407"},"modified":"2024-11-13T16:27:47","modified_gmt":"2024-11-13T15:27:47","slug":"sculpture-corps-480-a","status":"publish","type":"page","link":"https:\/\/suitelibre.fr\/index.php\/sculpture-corps-480-a\/","title":{"rendered":"Sculpture CORPS 480-A"},"content":{"rendered":"\n<p><strong>CORPS 480-A<\/strong> Bronze Moyen format<br>Oxyd\u00e9 et poli miroir sur socle acier vernis<br>Dimensions : H 480 x 200 x 120mm<br>En collaboration avec S\u00e9bastien LEDUC, soudeur<br>8 exemplaires num\u00e9rot\u00e9s<\/p>\n\n\n\n<figure class=\"wp-block-gallery has-nested-images columns-1 is-cropped wp-block-gallery-1 is-layout-flex wp-block-gallery-is-layout-flex\"><div class=\"wp-block-image\">\n<figure class=\"aligncenter size-large\"><img loading=\"lazy\" decoding=\"async\" width=\"683\" height=\"1024\" data-id=\"1404\" src=\"https:\/\/suitelibre.fr\/wp-content\/uploads\/2024\/07\/Corps-bronze-480-9-683x1024.jpg\" alt=\"\" class=\"wp-image-1404\" srcset=\"https:\/\/suitelibre.fr\/wp-content\/uploads\/2024\/07\/Corps-bronze-480-9-683x1024.jpg 683w, https:\/\/suitelibre.fr\/wp-content\/uploads\/2024\/07\/Corps-bronze-480-9-200x300.jpg 200w, https:\/\/suitelibre.fr\/wp-content\/uploads\/2024\/07\/Corps-bronze-480-9-768x1152.jpg 768w, https:\/\/suitelibre.fr\/wp-content\/uploads\/2024\/07\/Corps-bronze-480-9-1024x1536.jpg 1024w, https:\/\/suitelibre.fr\/wp-content\/uploads\/2024\/07\/Corps-bronze-480-9-1365x2048.jpg 1365w, https:\/\/suitelibre.fr\/wp-content\/uploads\/2024\/07\/Corps-bronze-480-9-scaled.jpg 1707w\" sizes=\"auto, (max-width: 683px) 100vw, 683px\" \/><\/figure>\n<\/div>\n\n\n<figure class=\"wp-block-image size-large\"><img loading=\"lazy\" decoding=\"async\" width=\"683\" height=\"1024\" data-id=\"1403\" src=\"https:\/\/suitelibre.fr\/wp-content\/uploads\/2024\/07\/Corps-bronze-480-8-683x1024.jpg\" alt=\"\" class=\"wp-image-1403\" srcset=\"https:\/\/suitelibre.fr\/wp-content\/uploads\/2024\/07\/Corps-bronze-480-8-683x1024.jpg 683w, https:\/\/suitelibre.fr\/wp-content\/uploads\/2024\/07\/Corps-bronze-480-8-200x300.jpg 200w, https:\/\/suitelibre.fr\/wp-content\/uploads\/2024\/07\/Corps-bronze-480-8-768x1152.jpg 768w, https:\/\/suitelibre.fr\/wp-content\/uploads\/2024\/07\/Corps-bronze-480-8-1024x1536.jpg 1024w, https:\/\/suitelibre.fr\/wp-content\/uploads\/2024\/07\/Corps-bronze-480-8-1365x2048.jpg 1365w, https:\/\/suitelibre.fr\/wp-content\/uploads\/2024\/07\/Corps-bronze-480-8-scaled.jpg 1707w\" sizes=\"auto, (max-width: 683px) 100vw, 683px\" \/><\/figure>\n\n\n\n<figure class=\"wp-block-image size-large\"><img loading=\"lazy\" decoding=\"async\" width=\"683\" height=\"1024\" data-id=\"1402\" src=\"https:\/\/suitelibre.fr\/wp-content\/uploads\/2024\/07\/Corps-bronze-480-7-683x1024.jpg\" alt=\"\" class=\"wp-image-1402\" srcset=\"https:\/\/suitelibre.fr\/wp-content\/uploads\/2024\/07\/Corps-bronze-480-7-683x1024.jpg 683w, https:\/\/suitelibre.fr\/wp-content\/uploads\/2024\/07\/Corps-bronze-480-7-200x300.jpg 200w, https:\/\/suitelibre.fr\/wp-content\/uploads\/2024\/07\/Corps-bronze-480-7-768x1152.jpg 768w, https:\/\/suitelibre.fr\/wp-content\/uploads\/2024\/07\/Corps-bronze-480-7-1024x1536.jpg 1024w, https:\/\/suitelibre.fr\/wp-content\/uploads\/2024\/07\/Corps-bronze-480-7-1365x2048.jpg 1365w, https:\/\/suitelibre.fr\/wp-content\/uploads\/2024\/07\/Corps-bronze-480-7-scaled.jpg 1707w\" sizes=\"auto, (max-width: 683px) 100vw, 683px\" \/><\/figure>\n\n\n\n<figure class=\"wp-block-image size-large\"><img loading=\"lazy\" decoding=\"async\" width=\"683\" height=\"1024\" data-id=\"1401\" src=\"https:\/\/suitelibre.fr\/wp-content\/uploads\/2024\/07\/Corps-bronze-480-6-683x1024.jpg\" alt=\"\" class=\"wp-image-1401\" srcset=\"https:\/\/suitelibre.fr\/wp-content\/uploads\/2024\/07\/Corps-bronze-480-6-683x1024.jpg 683w, https:\/\/suitelibre.fr\/wp-content\/uploads\/2024\/07\/Corps-bronze-480-6-200x300.jpg 200w, https:\/\/suitelibre.fr\/wp-content\/uploads\/2024\/07\/Corps-bronze-480-6-768x1152.jpg 768w, https:\/\/suitelibre.fr\/wp-content\/uploads\/2024\/07\/Corps-bronze-480-6-1024x1536.jpg 1024w, https:\/\/suitelibre.fr\/wp-content\/uploads\/2024\/07\/Corps-bronze-480-6-1365x2048.jpg 1365w, https:\/\/suitelibre.fr\/wp-content\/uploads\/2024\/07\/Corps-bronze-480-6-scaled.jpg 1707w\" sizes=\"auto, (max-width: 683px) 100vw, 683px\" \/><\/figure>\n\n\n\n<figure class=\"wp-block-image size-large\"><img loading=\"lazy\" decoding=\"async\" width=\"1024\" height=\"683\" data-id=\"1400\" src=\"https:\/\/suitelibre.fr\/wp-content\/uploads\/2024\/07\/Corps-bronze-480-5-1024x683.jpg\" alt=\"\" class=\"wp-image-1400\" srcset=\"https:\/\/suitelibre.fr\/wp-content\/uploads\/2024\/07\/Corps-bronze-480-5-1024x683.jpg 1024w, https:\/\/suitelibre.fr\/wp-content\/uploads\/2024\/07\/Corps-bronze-480-5-300x200.jpg 300w, https:\/\/suitelibre.fr\/wp-content\/uploads\/2024\/07\/Corps-bronze-480-5-768x512.jpg 768w, https:\/\/suitelibre.fr\/wp-content\/uploads\/2024\/07\/Corps-bronze-480-5-1536x1024.jpg 1536w, https:\/\/suitelibre.fr\/wp-content\/uploads\/2024\/07\/Corps-bronze-480-5-2048x1365.jpg 2048w\" sizes=\"auto, (max-width: 706px) 89vw, (max-width: 767px) 82vw, 740px\" \/><\/figure>\n\n\n\n<figure class=\"wp-block-image size-large\"><img loading=\"lazy\" decoding=\"async\" width=\"1024\" height=\"683\" data-id=\"1399\" src=\"https:\/\/suitelibre.fr\/wp-content\/uploads\/2024\/07\/Corps-bronze-480-4-1024x683.jpg\" alt=\"\" class=\"wp-image-1399\" srcset=\"https:\/\/suitelibre.fr\/wp-content\/uploads\/2024\/07\/Corps-bronze-480-4-1024x683.jpg 1024w, https:\/\/suitelibre.fr\/wp-content\/uploads\/2024\/07\/Corps-bronze-480-4-300x200.jpg 300w, https:\/\/suitelibre.fr\/wp-content\/uploads\/2024\/07\/Corps-bronze-480-4-768x512.jpg 768w, https:\/\/suitelibre.fr\/wp-content\/uploads\/2024\/07\/Corps-bronze-480-4-1536x1024.jpg 1536w, https:\/\/suitelibre.fr\/wp-content\/uploads\/2024\/07\/Corps-bronze-480-4-2048x1365.jpg 2048w\" sizes=\"auto, (max-width: 706px) 89vw, (max-width: 767px) 82vw, 740px\" \/><\/figure>\n\n\n\n<figure class=\"wp-block-image size-large\"><img loading=\"lazy\" decoding=\"async\" width=\"1024\" height=\"683\" data-id=\"1398\" src=\"https:\/\/suitelibre.fr\/wp-content\/uploads\/2024\/07\/Corps-bronze-480-3-1024x683.jpg\" alt=\"\" class=\"wp-image-1398\" srcset=\"https:\/\/suitelibre.fr\/wp-content\/uploads\/2024\/07\/Corps-bronze-480-3-1024x683.jpg 1024w, https:\/\/suitelibre.fr\/wp-content\/uploads\/2024\/07\/Corps-bronze-480-3-300x200.jpg 300w, https:\/\/suitelibre.fr\/wp-content\/uploads\/2024\/07\/Corps-bronze-480-3-768x512.jpg 768w, https:\/\/suitelibre.fr\/wp-content\/uploads\/2024\/07\/Corps-bronze-480-3-1536x1024.jpg 1536w, https:\/\/suitelibre.fr\/wp-content\/uploads\/2024\/07\/Corps-bronze-480-3-2048x1365.jpg 2048w\" sizes=\"auto, (max-width: 706px) 89vw, (max-width: 767px) 82vw, 740px\" \/><\/figure>\n\n\n\n<figure class=\"wp-block-image size-large\"><img loading=\"lazy\" decoding=\"async\" width=\"840\" height=\"1024\" data-id=\"1397\" src=\"https:\/\/suitelibre.fr\/wp-content\/uploads\/2024\/07\/Corps-bronze-480-2-840x1024.jpg\" alt=\"\" class=\"wp-image-1397\" srcset=\"https:\/\/suitelibre.fr\/wp-content\/uploads\/2024\/07\/Corps-bronze-480-2-840x1024.jpg 840w, https:\/\/suitelibre.fr\/wp-content\/uploads\/2024\/07\/Corps-bronze-480-2-246x300.jpg 246w, https:\/\/suitelibre.fr\/wp-content\/uploads\/2024\/07\/Corps-bronze-480-2-768x936.jpg 768w, https:\/\/suitelibre.fr\/wp-content\/uploads\/2024\/07\/Corps-bronze-480-2-1260x1536.jpg 1260w, https:\/\/suitelibre.fr\/wp-content\/uploads\/2024\/07\/Corps-bronze-480-2-1680x2048.jpg 1680w\" sizes=\"auto, (max-width: 706px) 89vw, (max-width: 767px) 82vw, 740px\" \/><\/figure>\n\n\n\n<figure class=\"wp-block-image size-large\"><img loading=\"lazy\" decoding=\"async\" width=\"1024\" height=\"683\" data-id=\"1396\" src=\"https:\/\/suitelibre.fr\/wp-content\/uploads\/2024\/07\/Corps-bronze-480-1-1024x683.jpg\" alt=\"\" class=\"wp-image-1396\" srcset=\"https:\/\/suitelibre.fr\/wp-content\/uploads\/2024\/07\/Corps-bronze-480-1-1024x683.jpg 1024w, https:\/\/suitelibre.fr\/wp-content\/uploads\/2024\/07\/Corps-bronze-480-1-300x200.jpg 300w, https:\/\/suitelibre.fr\/wp-content\/uploads\/2024\/07\/Corps-bronze-480-1-768x512.jpg 768w, https:\/\/suitelibre.fr\/wp-content\/uploads\/2024\/07\/Corps-bronze-480-1-1536x1024.jpg 1536w, https:\/\/suitelibre.fr\/wp-content\/uploads\/2024\/07\/Corps-bronze-480-1-2048x1365.jpg 2048w\" sizes=\"auto, (max-width: 706px) 89vw, (max-width: 767px) 82vw, 740px\" \/><\/figure>\n<\/figure>\n\n\n<div class=\"widget widget_nav_menu\"><h2 class=\"widgettitle\">Navigation<\/h2><nav class=\"menu-nav-container\" aria-label=\"Navigation\"><ul id=\"menu-nav\" class=\"menu\"><li id=\"menu-item-552\" class=\"menu-item menu-item-type-post_type menu-item-object-page menu-item-552\"><a href=\"https:\/\/suitelibre.fr\/index.php\/a-propos-de\/\">\u00c0 propos<\/a><\/li>\n<li id=\"menu-item-553\" class=\"menu-item menu-item-type-post_type menu-item-object-page menu-item-home menu-item-553\"><a href=\"https:\/\/suitelibre.fr\/\">Des \u00e9quilibres<\/a><\/li>\n<li id=\"menu-item-701\" class=\"menu-item menu-item-type-post_type menu-item-object-page menu-item-701\"><a href=\"https:\/\/suitelibre.fr\/index.php\/sculptures\/\">SCULPTURES<\/a><\/li>\n<li id=\"menu-item-558\" class=\"menu-item menu-item-type-post_type menu-item-object-page menu-item-558\"><a href=\"https:\/\/suitelibre.fr\/index.php\/blog\/\">ATELIER<\/a><\/li>\n<li id=\"menu-item-777\" class=\"menu-item menu-item-type-post_type menu-item-object-page menu-item-777\"><a href=\"https:\/\/suitelibre.fr\/index.php\/estampes\/\">ESTAMPES<\/a><\/li>\n<li id=\"menu-item-891\" class=\"menu-item menu-item-type-taxonomy menu-item-object-category menu-item-891\"><a href=\"https:\/\/suitelibre.fr\/index.php\/category\/blog-actualite\/\">ACTUALIT\u00c9S<\/a><\/li>\n<li id=\"menu-item-551\" class=\"menu-item menu-item-type-post_type menu-item-object-page menu-item-551\"><a href=\"https:\/\/suitelibre.fr\/index.php\/contact\/\">Contact<\/a><\/li>\n<\/ul><\/nav><\/div>","protected":false},"excerpt":{"rendered":"<p>CORPS 480-A Bronze Moyen formatOxyd\u00e9 et poli miroir sur socle acier vernisDimensions : H 480 x 200 x 120mmEn collaboration avec S\u00e9bastien LEDUC, soudeur8 exemplaires num\u00e9rot\u00e9s<\/p>\n","protected":false},"author":1,"featured_media":0,"parent":0,"menu_order":0,"comment_status":"closed","ping_status":"closed","template":"","meta":{"footnotes":""},"class_list":["post-1407","page","type-page","status-publish","hentry"],"_links":{"self":[{"href":"https:\/\/suitelibre.fr\/index.php\/wp-json\/wp\/v2\/pages\/1407","targetHints":{"allow":["GET"]}}],"collection":[{"href":"https:\/\/suitelibre.fr\/index.php\/wp-json\/wp\/v2\/pages"}],"about":[{"href":"https:\/\/suitelibre.fr\/index.php\/wp-json\/wp\/v2\/types\/page"}],"author":[{"embeddable":true,"href":"https:\/\/suitelibre.fr\/index.php\/wp-json\/wp\/v2\/users\/1"}],"replies":[{"embeddable":true,"href":"https:\/\/suitelibre.fr\/index.php\/wp-json\/wp\/v2\/comments?post=1407"}],"version-history":[{"count":5,"href":"https:\/\/suitelibre.fr\/index.php\/wp-json\/wp\/v2\/pages\/1407\/revisions"}],"predecessor-version":[{"id":1675,"href":"https:\/\/suitelibre.fr\/index.php\/wp-json\/wp\/v2\/pages\/1407\/revisions\/1675"}],"wp:attachment":[{"href":"https:\/\/suitelibre.fr\/index.php\/wp-json\/wp\/v2\/media?parent=1407"}],"curies":[{"name":"wp","href":"https:\/\/api.w.org\/{rel}","templated":true}]}}