{"id":1487,"date":"2024-07-20T15:46:59","date_gmt":"2024-07-20T13:46:59","guid":{"rendered":"https:\/\/suitelibre.fr\/?page_id=1487"},"modified":"2025-09-25T12:59:38","modified_gmt":"2025-09-25T10:59:38","slug":"sculpture-corps-1600","status":"publish","type":"page","link":"https:\/\/suitelibre.fr\/index.php\/sculpture-corps-1600\/","title":{"rendered":"Sculpture CORPS 1600"},"content":{"rendered":"\n<p><strong>CORPS <\/strong>1600<br>Acier oxyd\u00e9<br>Dimensions (cm) : H 160 x 80 x 8<br>En collaboration avec S\u00e9bastien LEDUC, soudeur<br>8 exemplaires num\u00e9rot\u00e9s<\/p>\n\n\n\n<figure class=\"wp-block-gallery aligncenter has-nested-images columns-1 is-cropped wp-block-gallery-1 is-layout-flex wp-block-gallery-is-layout-flex\">\n<figure class=\"wp-block-image size-large\"><img loading=\"lazy\" decoding=\"async\" width=\"950\" height=\"1024\" data-id=\"1482\" src=\"https:\/\/suitelibre.fr\/wp-content\/uploads\/2024\/07\/Corps-1600-2-950x1024.jpg\" alt=\"\" class=\"wp-image-1482\" srcset=\"https:\/\/suitelibre.fr\/wp-content\/uploads\/2024\/07\/Corps-1600-2-950x1024.jpg 950w, https:\/\/suitelibre.fr\/wp-content\/uploads\/2024\/07\/Corps-1600-2-278x300.jpg 278w, https:\/\/suitelibre.fr\/wp-content\/uploads\/2024\/07\/Corps-1600-2-768x828.jpg 768w, https:\/\/suitelibre.fr\/wp-content\/uploads\/2024\/07\/Corps-1600-2-1425x1536.jpg 1425w, https:\/\/suitelibre.fr\/wp-content\/uploads\/2024\/07\/Corps-1600-2.jpg 1855w\" sizes=\"auto, (max-width: 706px) 89vw, (max-width: 767px) 82vw, 740px\" \/><\/figure>\n\n\n\n<figure class=\"wp-block-image size-large\"><img loading=\"lazy\" decoding=\"async\" width=\"1024\" height=\"935\" data-id=\"1484\" src=\"https:\/\/suitelibre.fr\/wp-content\/uploads\/2024\/07\/Corps-1600-4-1024x935.jpg\" alt=\"\" class=\"wp-image-1484\" srcset=\"https:\/\/suitelibre.fr\/wp-content\/uploads\/2024\/07\/Corps-1600-4-1024x935.jpg 1024w, https:\/\/suitelibre.fr\/wp-content\/uploads\/2024\/07\/Corps-1600-4-300x274.jpg 300w, https:\/\/suitelibre.fr\/wp-content\/uploads\/2024\/07\/Corps-1600-4-768x702.jpg 768w, https:\/\/suitelibre.fr\/wp-content\/uploads\/2024\/07\/Corps-1600-4-1536x1403.jpg 1536w, https:\/\/suitelibre.fr\/wp-content\/uploads\/2024\/07\/Corps-1600-4.jpg 2000w\" sizes=\"auto, (max-width: 706px) 89vw, (max-width: 767px) 82vw, 740px\" \/><\/figure>\n\n\n\n<figure class=\"wp-block-image size-large\"><img loading=\"lazy\" decoding=\"async\" width=\"1024\" height=\"707\" data-id=\"1483\" src=\"https:\/\/suitelibre.fr\/wp-content\/uploads\/2024\/07\/Corps-1600-3-1024x707.jpg\" alt=\"\" class=\"wp-image-1483\" srcset=\"https:\/\/suitelibre.fr\/wp-content\/uploads\/2024\/07\/Corps-1600-3-1024x707.jpg 1024w, https:\/\/suitelibre.fr\/wp-content\/uploads\/2024\/07\/Corps-1600-3-300x207.jpg 300w, https:\/\/suitelibre.fr\/wp-content\/uploads\/2024\/07\/Corps-1600-3-768x530.jpg 768w, https:\/\/suitelibre.fr\/wp-content\/uploads\/2024\/07\/Corps-1600-3-1536x1061.jpg 1536w, https:\/\/suitelibre.fr\/wp-content\/uploads\/2024\/07\/Corps-1600-3.jpg 2000w\" sizes=\"auto, (max-width: 706px) 89vw, (max-width: 767px) 82vw, 740px\" \/><\/figure>\n\n\n\n<figure class=\"wp-block-image size-large\"><img loading=\"lazy\" decoding=\"async\" width=\"983\" height=\"1024\" data-id=\"1481\" src=\"https:\/\/suitelibre.fr\/wp-content\/uploads\/2024\/07\/Corps-1600-1-983x1024.jpg\" alt=\"\" class=\"wp-image-1481\" srcset=\"https:\/\/suitelibre.fr\/wp-content\/uploads\/2024\/07\/Corps-1600-1-983x1024.jpg 983w, https:\/\/suitelibre.fr\/wp-content\/uploads\/2024\/07\/Corps-1600-1-288x300.jpg 288w, https:\/\/suitelibre.fr\/wp-content\/uploads\/2024\/07\/Corps-1600-1-768x800.jpg 768w, https:\/\/suitelibre.fr\/wp-content\/uploads\/2024\/07\/Corps-1600-1-1474x1536.jpg 1474w, https:\/\/suitelibre.fr\/wp-content\/uploads\/2024\/07\/Corps-1600-1.jpg 1919w\" sizes=\"auto, (max-width: 706px) 89vw, (max-width: 767px) 82vw, 740px\" \/><\/figure>\n\n\n\n<figure class=\"wp-block-image size-large\"><img loading=\"lazy\" decoding=\"async\" width=\"1024\" height=\"979\" data-id=\"1485\" src=\"https:\/\/suitelibre.fr\/wp-content\/uploads\/2024\/07\/Corps-1600-5-1024x979.jpg\" alt=\"\" class=\"wp-image-1485\" srcset=\"https:\/\/suitelibre.fr\/wp-content\/uploads\/2024\/07\/Corps-1600-5-1024x979.jpg 1024w, https:\/\/suitelibre.fr\/wp-content\/uploads\/2024\/07\/Corps-1600-5-300x287.jpg 300w, https:\/\/suitelibre.fr\/wp-content\/uploads\/2024\/07\/Corps-1600-5-768x735.jpg 768w, https:\/\/suitelibre.fr\/wp-content\/uploads\/2024\/07\/Corps-1600-5-1536x1469.jpg 1536w, https:\/\/suitelibre.fr\/wp-content\/uploads\/2024\/07\/Corps-1600-5.jpg 2000w\" sizes=\"auto, (max-width: 706px) 89vw, (max-width: 767px) 82vw, 740px\" \/><\/figure>\n<\/figure>\n\n\n<div class=\"widget widget_nav_menu\"><h2 class=\"widgettitle\">Navigation<\/h2><nav class=\"menu-nav-container\" aria-label=\"Navigation\"><ul id=\"menu-nav\" class=\"menu\"><li id=\"menu-item-552\" class=\"menu-item menu-item-type-post_type menu-item-object-page menu-item-552\"><a href=\"https:\/\/suitelibre.fr\/index.php\/a-propos-de\/\">\u00c0 propos<\/a><\/li>\n<li id=\"menu-item-553\" class=\"menu-item menu-item-type-post_type menu-item-object-page menu-item-home menu-item-553\"><a href=\"https:\/\/suitelibre.fr\/\">Des \u00e9quilibres<\/a><\/li>\n<li id=\"menu-item-701\" class=\"menu-item menu-item-type-post_type menu-item-object-page menu-item-701\"><a href=\"https:\/\/suitelibre.fr\/index.php\/sculptures\/\">SCULPTURES<\/a><\/li>\n<li id=\"menu-item-558\" class=\"menu-item menu-item-type-post_type menu-item-object-page menu-item-558\"><a href=\"https:\/\/suitelibre.fr\/index.php\/blog\/\">ATELIER<\/a><\/li>\n<li id=\"menu-item-777\" class=\"menu-item menu-item-type-post_type menu-item-object-page menu-item-777\"><a href=\"https:\/\/suitelibre.fr\/index.php\/estampes\/\">ESTAMPES<\/a><\/li>\n<li id=\"menu-item-891\" class=\"menu-item menu-item-type-taxonomy menu-item-object-category menu-item-891\"><a href=\"https:\/\/suitelibre.fr\/index.php\/category\/blog-actualite\/\">ACTUALIT\u00c9S<\/a><\/li>\n<li id=\"menu-item-551\" class=\"menu-item menu-item-type-post_type menu-item-object-page menu-item-551\"><a href=\"https:\/\/suitelibre.fr\/index.php\/contact\/\">Contact<\/a><\/li>\n<\/ul><\/nav><\/div>","protected":false},"excerpt":{"rendered":"<p>CORPS 1600Acier oxyd\u00e9Dimensions (cm) : H 160 x 80 x 8En collaboration avec S\u00e9bastien LEDUC, soudeur8 exemplaires num\u00e9rot\u00e9s<\/p>\n","protected":false},"author":1,"featured_media":0,"parent":0,"menu_order":0,"comment_status":"closed","ping_status":"closed","template":"","meta":{"footnotes":""},"class_list":["post-1487","page","type-page","status-publish","hentry"],"_links":{"self":[{"href":"https:\/\/suitelibre.fr\/index.php\/wp-json\/wp\/v2\/pages\/1487","targetHints":{"allow":["GET"]}}],"collection":[{"href":"https:\/\/suitelibre.fr\/index.php\/wp-json\/wp\/v2\/pages"}],"about":[{"href":"https:\/\/suitelibre.fr\/index.php\/wp-json\/wp\/v2\/types\/page"}],"author":[{"embeddable":true,"href":"https:\/\/suitelibre.fr\/index.php\/wp-json\/wp\/v2\/users\/1"}],"replies":[{"embeddable":true,"href":"https:\/\/suitelibre.fr\/index.php\/wp-json\/wp\/v2\/comments?post=1487"}],"version-history":[{"count":4,"href":"https:\/\/suitelibre.fr\/index.php\/wp-json\/wp\/v2\/pages\/1487\/revisions"}],"predecessor-version":[{"id":2021,"href":"https:\/\/suitelibre.fr\/index.php\/wp-json\/wp\/v2\/pages\/1487\/revisions\/2021"}],"wp:attachment":[{"href":"https:\/\/suitelibre.fr\/index.php\/wp-json\/wp\/v2\/media?parent=1487"}],"curies":[{"name":"wp","href":"https:\/\/api.w.org\/{rel}","templated":true}]}}