{"id":171,"date":"2023-11-04T00:41:18","date_gmt":"2023-11-03T23:41:18","guid":{"rendered":"https:\/\/suitelibre.fr\/?page_id=171"},"modified":"2024-11-13T16:25:12","modified_gmt":"2024-11-13T15:25:12","slug":"sculpture-balise-6-4","status":"publish","type":"page","link":"https:\/\/suitelibre.fr\/index.php\/sculpture-balise-6-4\/","title":{"rendered":"Sculpture B 6-4"},"content":{"rendered":"\n<p class=\"has-black-color has-text-color has-link-color has-small-font-size wp-elements-e5a907a8f3ea0b5fcd79e8ed2205f33c\">Bronze oxyd\u00e9 et poli sur socle acier &#8211; 2023<br>Dimensions avec socle (cm) : h 162 x 50 x 30<br>8 exemplaires num\u00e9rot\u00e9s<br>Assemblage et soudure bronze &#8211; S\u00e9bastien Leduc<br><\/p>\n\n\n\n<figure class=\"wp-block-image size-large\"><img loading=\"lazy\" decoding=\"async\" width=\"590\" height=\"1024\" src=\"https:\/\/suitelibre.fr\/wp-content\/uploads\/2023\/11\/IMG_6444-590x1024.jpeg\" alt=\"\" class=\"wp-image-307\" srcset=\"https:\/\/suitelibre.fr\/wp-content\/uploads\/2023\/11\/IMG_6444-590x1024.jpeg 590w, https:\/\/suitelibre.fr\/wp-content\/uploads\/2023\/11\/IMG_6444-173x300.jpeg 173w, https:\/\/suitelibre.fr\/wp-content\/uploads\/2023\/11\/IMG_6444-768x1333.jpeg 768w, https:\/\/suitelibre.fr\/wp-content\/uploads\/2023\/11\/IMG_6444-885x1536.jpeg 885w, https:\/\/suitelibre.fr\/wp-content\/uploads\/2023\/11\/IMG_6444-1180x2048.jpeg 1180w, https:\/\/suitelibre.fr\/wp-content\/uploads\/2023\/11\/IMG_6444-scaled.jpeg 1475w\" sizes=\"auto, (max-width: 590px) 100vw, 590px\" \/><\/figure>\n\n\n<div class=\"wp-block-image\">\n<figure class=\"aligncenter size-large\"><img loading=\"lazy\" decoding=\"async\" width=\"951\" height=\"1024\" src=\"https:\/\/suitelibre.fr\/wp-content\/uploads\/2024\/07\/Balise-6-4-2-951x1024.jpg\" alt=\"\" class=\"wp-image-1450\" srcset=\"https:\/\/suitelibre.fr\/wp-content\/uploads\/2024\/07\/Balise-6-4-2-951x1024.jpg 951w, https:\/\/suitelibre.fr\/wp-content\/uploads\/2024\/07\/Balise-6-4-2-279x300.jpg 279w, https:\/\/suitelibre.fr\/wp-content\/uploads\/2024\/07\/Balise-6-4-2-768x827.jpg 768w, https:\/\/suitelibre.fr\/wp-content\/uploads\/2024\/07\/Balise-6-4-2-1427x1536.jpg 1427w, https:\/\/suitelibre.fr\/wp-content\/uploads\/2024\/07\/Balise-6-4-2.jpg 1858w\" sizes=\"auto, (max-width: 706px) 89vw, (max-width: 767px) 82vw, 740px\" \/><\/figure>\n<\/div>\n\n\n<figure class=\"wp-block-image size-large\"><img loading=\"lazy\" decoding=\"async\" width=\"768\" height=\"1024\" src=\"https:\/\/suitelibre.fr\/wp-content\/uploads\/2023\/11\/IMG_6522-768x1024.jpeg\" alt=\"\" class=\"wp-image-827\" srcset=\"https:\/\/suitelibre.fr\/wp-content\/uploads\/2023\/11\/IMG_6522-768x1024.jpeg 768w, https:\/\/suitelibre.fr\/wp-content\/uploads\/2023\/11\/IMG_6522-225x300.jpeg 225w, https:\/\/suitelibre.fr\/wp-content\/uploads\/2023\/11\/IMG_6522-1152x1536.jpeg 1152w, https:\/\/suitelibre.fr\/wp-content\/uploads\/2023\/11\/IMG_6522-1536x2048.jpeg 1536w, https:\/\/suitelibre.fr\/wp-content\/uploads\/2023\/11\/IMG_6522-scaled.jpeg 1920w\" sizes=\"auto, (max-width: 706px) 89vw, (max-width: 767px) 82vw, 740px\" \/><\/figure>\n\n\n<div class=\"wp-block-image\">\n<figure class=\"aligncenter size-large\"><img loading=\"lazy\" decoding=\"async\" width=\"738\" height=\"1024\" src=\"https:\/\/suitelibre.fr\/wp-content\/uploads\/2024\/07\/Balise-6-4-3-738x1024.jpg\" alt=\"\" class=\"wp-image-1451\" srcset=\"https:\/\/suitelibre.fr\/wp-content\/uploads\/2024\/07\/Balise-6-4-3-738x1024.jpg 738w, https:\/\/suitelibre.fr\/wp-content\/uploads\/2024\/07\/Balise-6-4-3-216x300.jpg 216w, https:\/\/suitelibre.fr\/wp-content\/uploads\/2024\/07\/Balise-6-4-3-768x1066.jpg 768w, https:\/\/suitelibre.fr\/wp-content\/uploads\/2024\/07\/Balise-6-4-3-1107x1536.jpg 1107w, https:\/\/suitelibre.fr\/wp-content\/uploads\/2024\/07\/Balise-6-4-3.jpg 1441w\" sizes=\"auto, (max-width: 738px) 100vw, 738px\" \/><\/figure>\n<\/div>\n\n<div class=\"wp-block-image\">\n<figure class=\"aligncenter size-large\"><img loading=\"lazy\" decoding=\"async\" width=\"682\" height=\"1024\" src=\"https:\/\/suitelibre.fr\/wp-content\/uploads\/2024\/07\/Balise-6-4-1-682x1024.jpg\" alt=\"\" class=\"wp-image-1449\" srcset=\"https:\/\/suitelibre.fr\/wp-content\/uploads\/2024\/07\/Balise-6-4-1-682x1024.jpg 682w, https:\/\/suitelibre.fr\/wp-content\/uploads\/2024\/07\/Balise-6-4-1-200x300.jpg 200w, https:\/\/suitelibre.fr\/wp-content\/uploads\/2024\/07\/Balise-6-4-1-768x1152.jpg 768w, https:\/\/suitelibre.fr\/wp-content\/uploads\/2024\/07\/Balise-6-4-1-1024x1536.jpg 1024w, https:\/\/suitelibre.fr\/wp-content\/uploads\/2024\/07\/Balise-6-4-1.jpg 1333w\" sizes=\"auto, (max-width: 682px) 100vw, 682px\" \/><\/figure>\n<\/div>\n\n<div class=\"wp-block-image\">\n<figure class=\"aligncenter size-large\"><img loading=\"lazy\" decoding=\"async\" width=\"768\" height=\"1024\" src=\"https:\/\/suitelibre.fr\/wp-content\/uploads\/2024\/01\/IMG_6716-768x1024.jpeg\" alt=\"\" class=\"wp-image-899\" srcset=\"https:\/\/suitelibre.fr\/wp-content\/uploads\/2024\/01\/IMG_6716-768x1024.jpeg 768w, https:\/\/suitelibre.fr\/wp-content\/uploads\/2024\/01\/IMG_6716-225x300.jpeg 225w, https:\/\/suitelibre.fr\/wp-content\/uploads\/2024\/01\/IMG_6716-1152x1536.jpeg 1152w, https:\/\/suitelibre.fr\/wp-content\/uploads\/2024\/01\/IMG_6716-1536x2048.jpeg 1536w, https:\/\/suitelibre.fr\/wp-content\/uploads\/2024\/01\/IMG_6716-scaled.jpeg 1920w\" sizes=\"auto, (max-width: 706px) 89vw, (max-width: 767px) 82vw, 740px\" \/><\/figure>\n<\/div>\n\n\n<h2 class=\"wp-block-heading\">Me contacter<\/h2>\n\n\n\n<ul class=\"wp-block-social-links has-icon-color has-icon-background-color is-layout-flex wp-block-social-links-is-layout-flex\"><li style=\"color:#ffffff;background-color:#3962e3;\" class=\"wp-social-link wp-social-link-mail  wp-block-social-link\"><a href=\"mailto:&#100;&#097;ni&#101;l&#103;u&#105;l&#108;o&#116;&#105;&#110;&#054;&#048;&#064;&#103;ma&#105;l.&#099;om\" class=\"wp-block-social-link-anchor\"><svg width=\"24\" height=\"24\" viewBox=\"0 0 24 24\" version=\"1.1\" xmlns=\"http:\/\/www.w3.org\/2000\/svg\" aria-hidden=\"true\" focusable=\"false\"><path d=\"M19,5H5c-1.1,0-2,.9-2,2v10c0,1.1.9,2,2,2h14c1.1,0,2-.9,2-2V7c0-1.1-.9-2-2-2zm.5,12c0,.3-.2.5-.5.5H5c-.3,0-.5-.2-.5-.5V9.8l7.5,5.6,7.5-5.6V17zm0-9.1L12,13.6,4.5,7.9V7c0-.3.2-.5.5-.5h14c.3,0,.5.2.5.5v.9z\"><\/path><\/svg><span class=\"wp-block-social-link-label screen-reader-text\">E-mail<\/span><\/a><\/li><\/ul>\n\n\n<div class=\"widget widget_nav_menu\"><h2 class=\"widgettitle\">Navigation<\/h2><nav class=\"menu-nav-container\" aria-label=\"Navigation\"><ul id=\"menu-nav\" class=\"menu\"><li id=\"menu-item-552\" class=\"menu-item menu-item-type-post_type menu-item-object-page menu-item-552\"><a href=\"https:\/\/suitelibre.fr\/index.php\/a-propos-de\/\">\u00c0 propos<\/a><\/li>\n<li id=\"menu-item-553\" class=\"menu-item menu-item-type-post_type menu-item-object-page menu-item-home menu-item-553\"><a href=\"https:\/\/suitelibre.fr\/\">Des \u00e9quilibres<\/a><\/li>\n<li id=\"menu-item-701\" class=\"menu-item menu-item-type-post_type menu-item-object-page menu-item-701\"><a href=\"https:\/\/suitelibre.fr\/index.php\/sculptures\/\">SCULPTURES<\/a><\/li>\n<li id=\"menu-item-558\" class=\"menu-item menu-item-type-post_type menu-item-object-page menu-item-558\"><a href=\"https:\/\/suitelibre.fr\/index.php\/blog\/\">ATELIER<\/a><\/li>\n<li id=\"menu-item-777\" class=\"menu-item menu-item-type-post_type menu-item-object-page menu-item-777\"><a href=\"https:\/\/suitelibre.fr\/index.php\/estampes\/\">ESTAMPES<\/a><\/li>\n<li id=\"menu-item-891\" class=\"menu-item menu-item-type-taxonomy menu-item-object-category menu-item-891\"><a href=\"https:\/\/suitelibre.fr\/index.php\/category\/blog-actualite\/\">ACTUALIT\u00c9S<\/a><\/li>\n<li id=\"menu-item-551\" class=\"menu-item menu-item-type-post_type menu-item-object-page menu-item-551\"><a href=\"https:\/\/suitelibre.fr\/index.php\/contact\/\">Contact<\/a><\/li>\n<\/ul><\/nav><\/div>","protected":false},"excerpt":{"rendered":"<p>Bronze oxyd\u00e9 et poli sur socle acier &#8211; 2023Dimensions avec socle (cm) : h 162 x 50 x 308 exemplaires num\u00e9rot\u00e9sAssemblage et soudure bronze &#8211; S\u00e9bastien Leduc Me contacter<\/p>\n","protected":false},"author":1,"featured_media":827,"parent":0,"menu_order":0,"comment_status":"closed","ping_status":"closed","template":"","meta":{"footnotes":""},"class_list":["post-171","page","type-page","status-publish","has-post-thumbnail","hentry"],"_links":{"self":[{"href":"https:\/\/suitelibre.fr\/index.php\/wp-json\/wp\/v2\/pages\/171","targetHints":{"allow":["GET"]}}],"collection":[{"href":"https:\/\/suitelibre.fr\/index.php\/wp-json\/wp\/v2\/pages"}],"about":[{"href":"https:\/\/suitelibre.fr\/index.php\/wp-json\/wp\/v2\/types\/page"}],"author":[{"embeddable":true,"href":"https:\/\/suitelibre.fr\/index.php\/wp-json\/wp\/v2\/users\/1"}],"replies":[{"embeddable":true,"href":"https:\/\/suitelibre.fr\/index.php\/wp-json\/wp\/v2\/comments?post=171"}],"version-history":[{"count":43,"href":"https:\/\/suitelibre.fr\/index.php\/wp-json\/wp\/v2\/pages\/171\/revisions"}],"predecessor-version":[{"id":1669,"href":"https:\/\/suitelibre.fr\/index.php\/wp-json\/wp\/v2\/pages\/171\/revisions\/1669"}],"wp:featuredmedia":[{"embeddable":true,"href":"https:\/\/suitelibre.fr\/index.php\/wp-json\/wp\/v2\/media\/827"}],"wp:attachment":[{"href":"https:\/\/suitelibre.fr\/index.php\/wp-json\/wp\/v2\/media?parent=171"}],"curies":[{"name":"wp","href":"https:\/\/api.w.org\/{rel}","templated":true}]}}