{"id":173,"date":"2023-11-04T00:41:50","date_gmt":"2023-11-03T23:41:50","guid":{"rendered":"https:\/\/suitelibre.fr\/?page_id=173"},"modified":"2024-11-13T16:24:47","modified_gmt":"2024-11-13T15:24:47","slug":"sculpture-balise-5-7f3","status":"publish","type":"page","link":"https:\/\/suitelibre.fr\/index.php\/sculpture-balise-5-7f3\/","title":{"rendered":"Sculpture B 5-7F3"},"content":{"rendered":"\n<h2 class=\"wp-block-heading has-black-color has-text-color has-link-color has-small-font-size wp-elements-b28cd241eb2527dccc357b5774933f7f\">Acier oxyd\u00e9 &#8211; 2023<br>Dimensions avec socle (cm) : h 168 x 92 x 75<br>8 exemplaires num\u00e9rot\u00e9s<\/h2>\n\n\n<div class=\"wp-block-image\">\n<figure class=\"aligncenter size-large\"><img loading=\"lazy\" decoding=\"async\" width=\"623\" height=\"1024\" src=\"https:\/\/suitelibre.fr\/wp-content\/uploads\/2023\/11\/5-7F3-croquis-623x1024.jpg\" alt=\"\" class=\"wp-image-132\" srcset=\"https:\/\/suitelibre.fr\/wp-content\/uploads\/2023\/11\/5-7F3-croquis-623x1024.jpg 623w, https:\/\/suitelibre.fr\/wp-content\/uploads\/2023\/11\/5-7F3-croquis-183x300.jpg 183w, https:\/\/suitelibre.fr\/wp-content\/uploads\/2023\/11\/5-7F3-croquis-768x1262.jpg 768w, https:\/\/suitelibre.fr\/wp-content\/uploads\/2023\/11\/5-7F3-croquis-935x1536.jpg 935w, https:\/\/suitelibre.fr\/wp-content\/uploads\/2023\/11\/5-7F3-croquis-1246x2048.jpg 1246w, https:\/\/suitelibre.fr\/wp-content\/uploads\/2023\/11\/5-7F3-croquis.jpg 1250w\" sizes=\"auto, (max-width: 623px) 100vw, 623px\" \/><\/figure>\n<\/div>\n\n\n<figure class=\"wp-block-image size-large\"><img loading=\"lazy\" decoding=\"async\" width=\"2031\" height=\"1287\" src=\"https:\/\/suitelibre.fr\/wp-content\/uploads\/2023\/11\/BLOC-5-7F3-v6b-edited.jpg\" alt=\"\" class=\"wp-image-257\" srcset=\"https:\/\/suitelibre.fr\/wp-content\/uploads\/2023\/11\/BLOC-5-7F3-v6b-edited.jpg 2031w, https:\/\/suitelibre.fr\/wp-content\/uploads\/2023\/11\/BLOC-5-7F3-v6b-edited-300x190.jpg 300w, https:\/\/suitelibre.fr\/wp-content\/uploads\/2023\/11\/BLOC-5-7F3-v6b-edited-1024x649.jpg 1024w, https:\/\/suitelibre.fr\/wp-content\/uploads\/2023\/11\/BLOC-5-7F3-v6b-edited-768x487.jpg 768w, https:\/\/suitelibre.fr\/wp-content\/uploads\/2023\/11\/BLOC-5-7F3-v6b-edited-1536x973.jpg 1536w\" sizes=\"auto, (max-width: 706px) 89vw, (max-width: 767px) 82vw, 740px\" \/><\/figure>\n\n\n<div class=\"wp-block-image\">\n<figure class=\"aligncenter size-large\"><img loading=\"lazy\" decoding=\"async\" width=\"844\" height=\"1024\" src=\"https:\/\/suitelibre.fr\/wp-content\/uploads\/2024\/07\/Balise-5-7F3-2-844x1024.jpg\" alt=\"\" class=\"wp-image-1435\" srcset=\"https:\/\/suitelibre.fr\/wp-content\/uploads\/2024\/07\/Balise-5-7F3-2-844x1024.jpg 844w, https:\/\/suitelibre.fr\/wp-content\/uploads\/2024\/07\/Balise-5-7F3-2-247x300.jpg 247w, https:\/\/suitelibre.fr\/wp-content\/uploads\/2024\/07\/Balise-5-7F3-2-768x932.jpg 768w, https:\/\/suitelibre.fr\/wp-content\/uploads\/2024\/07\/Balise-5-7F3-2-1266x1536.jpg 1266w, https:\/\/suitelibre.fr\/wp-content\/uploads\/2024\/07\/Balise-5-7F3-2.jpg 1648w\" sizes=\"auto, (max-width: 706px) 89vw, (max-width: 767px) 82vw, 740px\" \/><\/figure>\n<\/div>\n\n<div class=\"wp-block-image\">\n<figure class=\"aligncenter size-large\"><img loading=\"lazy\" decoding=\"async\" width=\"1024\" height=\"762\" src=\"https:\/\/suitelibre.fr\/wp-content\/uploads\/2024\/07\/Balise-5-7F3-1-1024x762.jpg\" alt=\"\" class=\"wp-image-1434\" srcset=\"https:\/\/suitelibre.fr\/wp-content\/uploads\/2024\/07\/Balise-5-7F3-1-1024x762.jpg 1024w, https:\/\/suitelibre.fr\/wp-content\/uploads\/2024\/07\/Balise-5-7F3-1-300x223.jpg 300w, https:\/\/suitelibre.fr\/wp-content\/uploads\/2024\/07\/Balise-5-7F3-1-768x572.jpg 768w, https:\/\/suitelibre.fr\/wp-content\/uploads\/2024\/07\/Balise-5-7F3-1-1536x1144.jpg 1536w, https:\/\/suitelibre.fr\/wp-content\/uploads\/2024\/07\/Balise-5-7F3-1.jpg 2000w\" sizes=\"auto, (max-width: 706px) 89vw, (max-width: 767px) 82vw, 740px\" \/><\/figure>\n<\/div>\n\n<div class=\"wp-block-image\">\n<figure class=\"aligncenter size-large\"><img loading=\"lazy\" decoding=\"async\" width=\"682\" height=\"1024\" src=\"https:\/\/suitelibre.fr\/wp-content\/uploads\/2024\/07\/Balise-5-7F3-3-682x1024.jpg\" alt=\"\" class=\"wp-image-1436\" srcset=\"https:\/\/suitelibre.fr\/wp-content\/uploads\/2024\/07\/Balise-5-7F3-3-682x1024.jpg 682w, https:\/\/suitelibre.fr\/wp-content\/uploads\/2024\/07\/Balise-5-7F3-3-200x300.jpg 200w, https:\/\/suitelibre.fr\/wp-content\/uploads\/2024\/07\/Balise-5-7F3-3-768x1152.jpg 768w, https:\/\/suitelibre.fr\/wp-content\/uploads\/2024\/07\/Balise-5-7F3-3-1024x1536.jpg 1024w, https:\/\/suitelibre.fr\/wp-content\/uploads\/2024\/07\/Balise-5-7F3-3.jpg 1333w\" sizes=\"auto, (max-width: 682px) 100vw, 682px\" \/><\/figure>\n<\/div>\n\n<div class=\"wp-block-image\">\n<figure class=\"aligncenter size-large\"><img loading=\"lazy\" decoding=\"async\" width=\"800\" height=\"1024\" src=\"https:\/\/suitelibre.fr\/wp-content\/uploads\/2024\/07\/Balise-5-7F3-4-800x1024.jpg\" alt=\"\" class=\"wp-image-1437\" srcset=\"https:\/\/suitelibre.fr\/wp-content\/uploads\/2024\/07\/Balise-5-7F3-4-800x1024.jpg 800w, https:\/\/suitelibre.fr\/wp-content\/uploads\/2024\/07\/Balise-5-7F3-4-234x300.jpg 234w, https:\/\/suitelibre.fr\/wp-content\/uploads\/2024\/07\/Balise-5-7F3-4-768x983.jpg 768w, https:\/\/suitelibre.fr\/wp-content\/uploads\/2024\/07\/Balise-5-7F3-4-1200x1536.jpg 1200w, https:\/\/suitelibre.fr\/wp-content\/uploads\/2024\/07\/Balise-5-7F3-4.jpg 1563w\" sizes=\"auto, (max-width: 706px) 89vw, (max-width: 767px) 82vw, 740px\" \/><\/figure>\n<\/div>\n\n\n<figure class=\"wp-block-image size-large\"><img loading=\"lazy\" decoding=\"async\" width=\"1024\" height=\"660\" src=\"https:\/\/suitelibre.fr\/wp-content\/uploads\/2023\/11\/BLOC-5-7F3-METAL-Green-2-1024x660.jpg\" alt=\"\" class=\"wp-image-697\" srcset=\"https:\/\/suitelibre.fr\/wp-content\/uploads\/2023\/11\/BLOC-5-7F3-METAL-Green-2-1024x660.jpg 1024w, https:\/\/suitelibre.fr\/wp-content\/uploads\/2023\/11\/BLOC-5-7F3-METAL-Green-2-300x193.jpg 300w, https:\/\/suitelibre.fr\/wp-content\/uploads\/2023\/11\/BLOC-5-7F3-METAL-Green-2-768x495.jpg 768w, https:\/\/suitelibre.fr\/wp-content\/uploads\/2023\/11\/BLOC-5-7F3-METAL-Green-2-1536x990.jpg 1536w, https:\/\/suitelibre.fr\/wp-content\/uploads\/2023\/11\/BLOC-5-7F3-METAL-Green-2-2048x1319.jpg 2048w\" sizes=\"auto, (max-width: 706px) 89vw, (max-width: 767px) 82vw, 740px\" \/><\/figure>\n\n\n\n<h2 class=\"wp-block-heading\">Me contacter<\/h2>\n\n\n\n<ul class=\"wp-block-social-links has-icon-color has-icon-background-color is-layout-flex wp-block-social-links-is-layout-flex\"><li style=\"color:#ffffff;background-color:#3962e3;\" class=\"wp-social-link wp-social-link-mail  wp-block-social-link\"><a href=\"mailto:da&#110;&#105;&#101;&#108;&#103;&#117;&#105;ll&#111;&#116;&#105;&#110;6&#048;&#064;&#103;&#109;ail&#046;com\" class=\"wp-block-social-link-anchor\"><svg width=\"24\" height=\"24\" viewBox=\"0 0 24 24\" version=\"1.1\" xmlns=\"http:\/\/www.w3.org\/2000\/svg\" aria-hidden=\"true\" focusable=\"false\"><path d=\"M19,5H5c-1.1,0-2,.9-2,2v10c0,1.1.9,2,2,2h14c1.1,0,2-.9,2-2V7c0-1.1-.9-2-2-2zm.5,12c0,.3-.2.5-.5.5H5c-.3,0-.5-.2-.5-.5V9.8l7.5,5.6,7.5-5.6V17zm0-9.1L12,13.6,4.5,7.9V7c0-.3.2-.5.5-.5h14c.3,0,.5.2.5.5v.9z\"><\/path><\/svg><span class=\"wp-block-social-link-label screen-reader-text\">E-mail<\/span><\/a><\/li><\/ul>\n\n\n<div class=\"widget widget_nav_menu\"><h2 class=\"widgettitle\">Navigation<\/h2><nav class=\"menu-nav-container\" aria-label=\"Navigation\"><ul id=\"menu-nav\" class=\"menu\"><li id=\"menu-item-552\" class=\"menu-item menu-item-type-post_type menu-item-object-page menu-item-552\"><a href=\"https:\/\/suitelibre.fr\/index.php\/a-propos-de\/\">\u00c0 propos<\/a><\/li>\n<li id=\"menu-item-553\" class=\"menu-item menu-item-type-post_type menu-item-object-page menu-item-home menu-item-553\"><a href=\"https:\/\/suitelibre.fr\/\">Des \u00e9quilibres<\/a><\/li>\n<li id=\"menu-item-701\" class=\"menu-item menu-item-type-post_type menu-item-object-page menu-item-701\"><a href=\"https:\/\/suitelibre.fr\/index.php\/sculptures\/\">SCULPTURES<\/a><\/li>\n<li id=\"menu-item-558\" class=\"menu-item menu-item-type-post_type menu-item-object-page menu-item-558\"><a href=\"https:\/\/suitelibre.fr\/index.php\/blog\/\">ATELIER<\/a><\/li>\n<li id=\"menu-item-777\" class=\"menu-item menu-item-type-post_type menu-item-object-page menu-item-777\"><a href=\"https:\/\/suitelibre.fr\/index.php\/estampes\/\">ESTAMPES<\/a><\/li>\n<li id=\"menu-item-891\" class=\"menu-item menu-item-type-taxonomy menu-item-object-category menu-item-891\"><a href=\"https:\/\/suitelibre.fr\/index.php\/category\/blog-actualite\/\">ACTUALIT\u00c9S<\/a><\/li>\n<li id=\"menu-item-551\" class=\"menu-item menu-item-type-post_type menu-item-object-page menu-item-551\"><a href=\"https:\/\/suitelibre.fr\/index.php\/contact\/\">Contact<\/a><\/li>\n<\/ul><\/nav><\/div>","protected":false},"excerpt":{"rendered":"<p>Acier oxyd\u00e9 &#8211; 2023Dimensions avec socle (cm) : h 168 x 92 x 758 exemplaires num\u00e9rot\u00e9s Me contacter<\/p>\n","protected":false},"author":1,"featured_media":138,"parent":0,"menu_order":0,"comment_status":"closed","ping_status":"closed","template":"","meta":{"footnotes":""},"class_list":["post-173","page","type-page","status-publish","has-post-thumbnail","hentry"],"_links":{"self":[{"href":"https:\/\/suitelibre.fr\/index.php\/wp-json\/wp\/v2\/pages\/173","targetHints":{"allow":["GET"]}}],"collection":[{"href":"https:\/\/suitelibre.fr\/index.php\/wp-json\/wp\/v2\/pages"}],"about":[{"href":"https:\/\/suitelibre.fr\/index.php\/wp-json\/wp\/v2\/types\/page"}],"author":[{"embeddable":true,"href":"https:\/\/suitelibre.fr\/index.php\/wp-json\/wp\/v2\/users\/1"}],"replies":[{"embeddable":true,"href":"https:\/\/suitelibre.fr\/index.php\/wp-json\/wp\/v2\/comments?post=173"}],"version-history":[{"count":35,"href":"https:\/\/suitelibre.fr\/index.php\/wp-json\/wp\/v2\/pages\/173\/revisions"}],"predecessor-version":[{"id":1668,"href":"https:\/\/suitelibre.fr\/index.php\/wp-json\/wp\/v2\/pages\/173\/revisions\/1668"}],"wp:featuredmedia":[{"embeddable":true,"href":"https:\/\/suitelibre.fr\/index.php\/wp-json\/wp\/v2\/media\/138"}],"wp:attachment":[{"href":"https:\/\/suitelibre.fr\/index.php\/wp-json\/wp\/v2\/media?parent=173"}],"curies":[{"name":"wp","href":"https:\/\/api.w.org\/{rel}","templated":true}]}}