{"id":526,"date":"2023-11-05T12:35:40","date_gmt":"2023-11-05T11:35:40","guid":{"rendered":"https:\/\/suitelibre.fr\/?page_id=526"},"modified":"2024-11-13T16:24:29","modified_gmt":"2024-11-13T15:24:29","slug":"balise-5-10","status":"publish","type":"page","link":"https:\/\/suitelibre.fr\/index.php\/balise-5-10\/","title":{"rendered":"Sculpture B 5-10"},"content":{"rendered":"\n<p class=\"has-black-color has-text-color has-link-color has-small-font-size wp-elements-116dd19df33c6040442fb055e1888c6e\">Acier oxyd\u00e9 et b\u00e9ton &#8211; 2023<br>Dimensions avec socle (cm) : h 168 x 50 x 50<br>8 exemplaires num\u00e9rot\u00e9s<\/p>\n\n\n\n<figure class=\"wp-block-image size-large\"><img loading=\"lazy\" decoding=\"async\" width=\"908\" height=\"1024\" src=\"https:\/\/suitelibre.fr\/wp-content\/uploads\/2023\/12\/dessin-base-3-908x1024.jpeg\" alt=\"\" class=\"wp-image-851\" srcset=\"https:\/\/suitelibre.fr\/wp-content\/uploads\/2023\/12\/dessin-base-3-908x1024.jpeg 908w, https:\/\/suitelibre.fr\/wp-content\/uploads\/2023\/12\/dessin-base-3-266x300.jpeg 266w, https:\/\/suitelibre.fr\/wp-content\/uploads\/2023\/12\/dessin-base-3-768x866.jpeg 768w, https:\/\/suitelibre.fr\/wp-content\/uploads\/2023\/12\/dessin-base-3-1362x1536.jpeg 1362w, https:\/\/suitelibre.fr\/wp-content\/uploads\/2023\/12\/dessin-base-3-1816x2048.jpeg 1816w\" sizes=\"auto, (max-width: 706px) 89vw, (max-width: 767px) 82vw, 740px\" \/><\/figure>\n\n\n\n<figure class=\"wp-block-image size-large\"><img loading=\"lazy\" decoding=\"async\" width=\"755\" height=\"1024\" src=\"https:\/\/suitelibre.fr\/wp-content\/uploads\/2023\/12\/dessin-base-2-1-755x1024.jpeg\" alt=\"Esquisse sculpture B5-10\" class=\"wp-image-848\" srcset=\"https:\/\/suitelibre.fr\/wp-content\/uploads\/2023\/12\/dessin-base-2-1-755x1024.jpeg 755w, https:\/\/suitelibre.fr\/wp-content\/uploads\/2023\/12\/dessin-base-2-1-221x300.jpeg 221w, https:\/\/suitelibre.fr\/wp-content\/uploads\/2023\/12\/dessin-base-2-1-768x1042.jpeg 768w, https:\/\/suitelibre.fr\/wp-content\/uploads\/2023\/12\/dessin-base-2-1-1132x1536.jpeg 1132w, https:\/\/suitelibre.fr\/wp-content\/uploads\/2023\/12\/dessin-base-2-1-1510x2048.jpeg 1510w, https:\/\/suitelibre.fr\/wp-content\/uploads\/2023\/12\/dessin-base-2-1-scaled.jpeg 1887w\" sizes=\"auto, (max-width: 706px) 89vw, (max-width: 767px) 82vw, 740px\" \/><\/figure>\n\n\n\n<p class=\"has-medium-font-size\">SCULPTURE<br><strong><em>BALISE 5-10<\/em><\/strong> <br>Acier oxyd\u00e9 &amp; B\u00e9ton<\/p>\n\n\n<div class=\"wp-block-image\">\n<figure class=\"aligncenter size-large\"><img loading=\"lazy\" decoding=\"async\" width=\"1024\" height=\"832\" src=\"https:\/\/suitelibre.fr\/wp-content\/uploads\/2024\/07\/Balise-5-10-1-1024x832.jpg\" alt=\"\" class=\"wp-image-1444\" srcset=\"https:\/\/suitelibre.fr\/wp-content\/uploads\/2024\/07\/Balise-5-10-1-1024x832.jpg 1024w, https:\/\/suitelibre.fr\/wp-content\/uploads\/2024\/07\/Balise-5-10-1-300x244.jpg 300w, https:\/\/suitelibre.fr\/wp-content\/uploads\/2024\/07\/Balise-5-10-1-768x624.jpg 768w, https:\/\/suitelibre.fr\/wp-content\/uploads\/2024\/07\/Balise-5-10-1-1536x1248.jpg 1536w, https:\/\/suitelibre.fr\/wp-content\/uploads\/2024\/07\/Balise-5-10-1.jpg 2000w\" sizes=\"auto, (max-width: 706px) 89vw, (max-width: 767px) 82vw, 740px\" \/><\/figure>\n<\/div>\n\n\n<figure class=\"wp-block-image size-large\"><img loading=\"lazy\" decoding=\"async\" width=\"685\" height=\"1024\" src=\"https:\/\/suitelibre.fr\/wp-content\/uploads\/2023\/12\/IMG_6572-685x1024.jpeg\" alt=\"\" class=\"wp-image-834\" srcset=\"https:\/\/suitelibre.fr\/wp-content\/uploads\/2023\/12\/IMG_6572-685x1024.jpeg 685w, https:\/\/suitelibre.fr\/wp-content\/uploads\/2023\/12\/IMG_6572-201x300.jpeg 201w, https:\/\/suitelibre.fr\/wp-content\/uploads\/2023\/12\/IMG_6572-768x1148.jpeg 768w, https:\/\/suitelibre.fr\/wp-content\/uploads\/2023\/12\/IMG_6572-1027x1536.jpeg 1027w, https:\/\/suitelibre.fr\/wp-content\/uploads\/2023\/12\/IMG_6572-1370x2048.jpeg 1370w, https:\/\/suitelibre.fr\/wp-content\/uploads\/2023\/12\/IMG_6572-scaled.jpeg 1712w\" sizes=\"auto, (max-width: 685px) 100vw, 685px\" \/><\/figure>\n\n\n<div class=\"wp-block-image\">\n<figure class=\"aligncenter size-large\"><img loading=\"lazy\" decoding=\"async\" width=\"803\" height=\"1024\" src=\"https:\/\/suitelibre.fr\/wp-content\/uploads\/2024\/07\/Balise-5-10-3-803x1024.jpg\" alt=\"\" class=\"wp-image-1446\" srcset=\"https:\/\/suitelibre.fr\/wp-content\/uploads\/2024\/07\/Balise-5-10-3-803x1024.jpg 803w, https:\/\/suitelibre.fr\/wp-content\/uploads\/2024\/07\/Balise-5-10-3-235x300.jpg 235w, https:\/\/suitelibre.fr\/wp-content\/uploads\/2024\/07\/Balise-5-10-3-768x979.jpg 768w, https:\/\/suitelibre.fr\/wp-content\/uploads\/2024\/07\/Balise-5-10-3-1205x1536.jpg 1205w, https:\/\/suitelibre.fr\/wp-content\/uploads\/2024\/07\/Balise-5-10-3.jpg 1569w\" sizes=\"auto, (max-width: 706px) 89vw, (max-width: 767px) 82vw, 740px\" \/><\/figure>\n<\/div>\n\n\n<figure class=\"wp-block-image size-large\"><img loading=\"lazy\" decoding=\"async\" width=\"768\" height=\"1024\" src=\"https:\/\/suitelibre.fr\/wp-content\/uploads\/2023\/12\/IMG_6587-768x1024.jpeg\" alt=\"\" class=\"wp-image-839\" srcset=\"https:\/\/suitelibre.fr\/wp-content\/uploads\/2023\/12\/IMG_6587-768x1024.jpeg 768w, https:\/\/suitelibre.fr\/wp-content\/uploads\/2023\/12\/IMG_6587-225x300.jpeg 225w, https:\/\/suitelibre.fr\/wp-content\/uploads\/2023\/12\/IMG_6587-1152x1536.jpeg 1152w, https:\/\/suitelibre.fr\/wp-content\/uploads\/2023\/12\/IMG_6587-1536x2048.jpeg 1536w, https:\/\/suitelibre.fr\/wp-content\/uploads\/2023\/12\/IMG_6587-scaled.jpeg 1920w\" sizes=\"auto, (max-width: 706px) 89vw, (max-width: 767px) 82vw, 740px\" \/><\/figure>\n\n\n<div class=\"wp-block-image\">\n<figure class=\"aligncenter size-large\"><img loading=\"lazy\" decoding=\"async\" width=\"984\" height=\"1024\" src=\"https:\/\/suitelibre.fr\/wp-content\/uploads\/2024\/07\/Balise-5-10-2-984x1024.jpg\" alt=\"\" class=\"wp-image-1445\" srcset=\"https:\/\/suitelibre.fr\/wp-content\/uploads\/2024\/07\/Balise-5-10-2-984x1024.jpg 984w, https:\/\/suitelibre.fr\/wp-content\/uploads\/2024\/07\/Balise-5-10-2-288x300.jpg 288w, https:\/\/suitelibre.fr\/wp-content\/uploads\/2024\/07\/Balise-5-10-2-768x799.jpg 768w, https:\/\/suitelibre.fr\/wp-content\/uploads\/2024\/07\/Balise-5-10-2-1476x1536.jpg 1476w, https:\/\/suitelibre.fr\/wp-content\/uploads\/2024\/07\/Balise-5-10-2-1967x2048.jpg 1967w, https:\/\/suitelibre.fr\/wp-content\/uploads\/2024\/07\/Balise-5-10-2.jpg 2000w\" sizes=\"auto, (max-width: 706px) 89vw, (max-width: 767px) 82vw, 740px\" \/><\/figure>\n<\/div>\n\n\n<p><\/p>\n\n\n\n<h2 class=\"wp-block-heading\">Me contacter<\/h2>\n\n\n\n<ul class=\"wp-block-social-links has-icon-color has-icon-background-color is-layout-flex wp-block-social-links-is-layout-flex\"><li style=\"color:#ffffff;background-color:#3962e3;\" class=\"wp-social-link wp-social-link-mail  wp-block-social-link\"><a href=\"mailto:&#100;anie&#108;g&#117;i&#108;&#108;&#111;t&#105;&#110;&#054;0&#064;&#103;&#109;&#097;i&#108;&#046;&#099;&#111;m\" class=\"wp-block-social-link-anchor\"><svg width=\"24\" height=\"24\" viewBox=\"0 0 24 24\" version=\"1.1\" xmlns=\"http:\/\/www.w3.org\/2000\/svg\" aria-hidden=\"true\" focusable=\"false\"><path d=\"M19,5H5c-1.1,0-2,.9-2,2v10c0,1.1.9,2,2,2h14c1.1,0,2-.9,2-2V7c0-1.1-.9-2-2-2zm.5,12c0,.3-.2.5-.5.5H5c-.3,0-.5-.2-.5-.5V9.8l7.5,5.6,7.5-5.6V17zm0-9.1L12,13.6,4.5,7.9V7c0-.3.2-.5.5-.5h14c.3,0,.5.2.5.5v.9z\"><\/path><\/svg><span class=\"wp-block-social-link-label screen-reader-text\">E-mail<\/span><\/a><\/li><\/ul>\n\n\n<div class=\"widget widget_nav_menu\"><h2 class=\"widgettitle\">Navigation<\/h2><nav class=\"menu-nav-container\" aria-label=\"Navigation\"><ul id=\"menu-nav\" class=\"menu\"><li id=\"menu-item-552\" class=\"menu-item menu-item-type-post_type menu-item-object-page menu-item-552\"><a href=\"https:\/\/suitelibre.fr\/index.php\/a-propos-de\/\">\u00c0 propos<\/a><\/li>\n<li id=\"menu-item-553\" class=\"menu-item menu-item-type-post_type menu-item-object-page menu-item-home menu-item-553\"><a href=\"https:\/\/suitelibre.fr\/\">Des \u00e9quilibres<\/a><\/li>\n<li id=\"menu-item-701\" class=\"menu-item menu-item-type-post_type menu-item-object-page menu-item-701\"><a href=\"https:\/\/suitelibre.fr\/index.php\/sculptures\/\">SCULPTURES<\/a><\/li>\n<li id=\"menu-item-558\" class=\"menu-item menu-item-type-post_type menu-item-object-page menu-item-558\"><a href=\"https:\/\/suitelibre.fr\/index.php\/blog\/\">ATELIER<\/a><\/li>\n<li id=\"menu-item-777\" class=\"menu-item menu-item-type-post_type menu-item-object-page menu-item-777\"><a href=\"https:\/\/suitelibre.fr\/index.php\/estampes\/\">ESTAMPES<\/a><\/li>\n<li id=\"menu-item-891\" class=\"menu-item menu-item-type-taxonomy menu-item-object-category menu-item-891\"><a href=\"https:\/\/suitelibre.fr\/index.php\/category\/blog-actualite\/\">ACTUALIT\u00c9S<\/a><\/li>\n<li id=\"menu-item-551\" class=\"menu-item menu-item-type-post_type menu-item-object-page menu-item-551\"><a href=\"https:\/\/suitelibre.fr\/index.php\/contact\/\">Contact<\/a><\/li>\n<\/ul><\/nav><\/div>","protected":false},"excerpt":{"rendered":"<p>Acier oxyd\u00e9 et b\u00e9ton &#8211; 2023Dimensions avec socle (cm) : h 168 x 50 x 508 exemplaires num\u00e9rot\u00e9s SCULPTUREBALISE 5-10 Acier oxyd\u00e9 &amp; B\u00e9ton Me contacter<\/p>\n","protected":false},"author":1,"featured_media":0,"parent":0,"menu_order":0,"comment_status":"closed","ping_status":"closed","template":"","meta":{"footnotes":""},"class_list":["post-526","page","type-page","status-publish","hentry"],"_links":{"self":[{"href":"https:\/\/suitelibre.fr\/index.php\/wp-json\/wp\/v2\/pages\/526","targetHints":{"allow":["GET"]}}],"collection":[{"href":"https:\/\/suitelibre.fr\/index.php\/wp-json\/wp\/v2\/pages"}],"about":[{"href":"https:\/\/suitelibre.fr\/index.php\/wp-json\/wp\/v2\/types\/page"}],"author":[{"embeddable":true,"href":"https:\/\/suitelibre.fr\/index.php\/wp-json\/wp\/v2\/users\/1"}],"replies":[{"embeddable":true,"href":"https:\/\/suitelibre.fr\/index.php\/wp-json\/wp\/v2\/comments?post=526"}],"version-history":[{"count":25,"href":"https:\/\/suitelibre.fr\/index.php\/wp-json\/wp\/v2\/pages\/526\/revisions"}],"predecessor-version":[{"id":1667,"href":"https:\/\/suitelibre.fr\/index.php\/wp-json\/wp\/v2\/pages\/526\/revisions\/1667"}],"wp:attachment":[{"href":"https:\/\/suitelibre.fr\/index.php\/wp-json\/wp\/v2\/media?parent=526"}],"curies":[{"name":"wp","href":"https:\/\/api.w.org\/{rel}","templated":true}]}}